{"id":2938,"date":"2020-05-23T05:57:37","date_gmt":"2020-05-23T05:57:37","guid":{"rendered":"https:\/\/kobayashi-casting.com\/?page_id=2938"},"modified":"2020-05-23T05:57:37","modified_gmt":"2020-05-23T05:57:37","slug":"casting-process","status":"publish","type":"page","link":"https:\/\/kobayashi-casting.com\/en\/casting-process\/","title":{"rendered":"Casting Process"},"content":{"rendered":"<p>[vc_row][vc_column]<div id=\"cz_88652\" class=\"cz_88652 cz_title clr cz_title_ba_line cz_title_pos_inline tac\"><div class=\"cz_title_content\"><div class=\"cz_wpe_content\"><h3 style=\"text-align: center;\">Casting Process<\/h3>\n<\/div><div class=\"cz_title_line cz_line_after_title\"><span>_<\/span><\/div><\/div><\/div>[\/vc_column][\/vc_row][vc_row el_class=&#8221;process&#8221;][vc_column width=&#8221;1\/12&#8243;][\/vc_column][vc_column width=&#8221;4\/12&#8243;]<div id=\"cz_51391\" data-position=\"top-right\" class=\"cz_51391 cz_image clr cz_image_zoom_out center_on_mobile\"><div class=\"\" ><div class=\"cz_image_in\"><div class=\"cz_main_image\"><img decoding=\"async\" width=\"833\" height=\"500\" src=\"https:\/\/kobayashi-casting.com\/wp-content\/uploads\/2020\/05\/thiet-ke-khuon-1000x600-1.jpg\" class=\"attachment-full\" alt=\"Thiet ke khuon 1000x600 1\" srcset=\"https:\/\/kobayashi-casting.com\/wp-content\/uploads\/2020\/05\/thiet-ke-khuon-1000x600-1.jpg 833w, https:\/\/kobayashi-casting.com\/wp-content\/uploads\/2020\/05\/thiet-ke-khuon-1000x600-1-300x180.jpg 300w, https:\/\/kobayashi-casting.com\/wp-content\/uploads\/2020\/05\/thiet-ke-khuon-1000x600-1-768x461.jpg 768w, https:\/\/kobayashi-casting.com\/wp-content\/uploads\/2020\/05\/thiet-ke-khuon-1000x600-1-600x360.jpg 600w\" sizes=\"auto, (max-width: 833px) 100vw, 833px\" loading=\"lazy\" \/><\/div><div class=\"cz_hover_image\"><img decoding=\"async\" width=\"833\" height=\"500\" src=\"https:\/\/kobayashi-casting.com\/wp-content\/uploads\/2020\/05\/thiet-ke-khuon-1000x600-1.jpg\" class=\"attachment-full\" alt=\"Thiet ke khuon 1000x600 1\" srcset=\"https:\/\/kobayashi-casting.com\/wp-content\/uploads\/2020\/05\/thiet-ke-khuon-1000x600-1.jpg 833w, https:\/\/kobayashi-casting.com\/wp-content\/uploads\/2020\/05\/thiet-ke-khuon-1000x600-1-300x180.jpg 300w, https:\/\/kobayashi-casting.com\/wp-content\/uploads\/2020\/05\/thiet-ke-khuon-1000x600-1-768x461.jpg 768w, https:\/\/kobayashi-casting.com\/wp-content\/uploads\/2020\/05\/thiet-ke-khuon-1000x600-1-600x360.jpg 600w\" sizes=\"auto, (max-width: 833px) 100vw, 833px\" loading=\"lazy\" \/><\/div><\/div><\/div><\/div><div id=\"cz_65542\" class=\"cz_65542 cz_title clr cz_title_pos_inline\"><div class=\"cz_title_content\"><span class=\"cz_line_side_solo\">_<\/span><div class=\"cz_wpe_content\"><h4 style=\"text-align: left;\"><span style=\"color: #ee0000;\">1. Thi\u1ebft k\u1ebf ch\u1ebf t\u1ea1o khu\u00f4n kim lo\u1ea1i<\/span><\/h4>\n<p style=\"text-align: left;\"><span style=\"color: #999999;\">Thi\u1ebft k\u1ebf, ch\u1ebf t\u1ea1o ra khu\u00f4n b\u1eb1ng kim lo\u1ea1i Nh\u00f4m \u0111\u1ec3 t\u1ea1o h\u00ecnh s\u1ea3n ph\u1ea9m b\u1eb1ng s\u00e1p.<\/span><\/p>\n<\/div><\/div><\/div>[\/vc_column][vc_column width=&#8221;1\/12&#8243;]<div class=\"cz_gap clr  hide_on_tablet hide_on_mobile\" style=\"height: 100px\"><\/div><div class=\"cz_gap show_on_tablet clr  show_only_tablet\" style=\"height: 50px\"><\/div><div class=\"cz_gap show_on_mobile clr\" style=\"height: 50px\"><\/div><div id=\"cz_53230\" class=\"cz_53230 cz_social_icons cz_social clr cz_social_fx_4 tac cz_social_colored_hover\"><a href=\"#\" class=\"cz-137-play-button-2\" target=\"_blank\" rel=\"noopener noreferrer\" title=\"#\" role=\"button\" tabindex=\"0\" aria-label=\"#\"><i class=\"fa czico-137-play-button-2\"><\/i><\/a><\/div><div class=\"cz_gap clr  hide_on_tablet hide_on_mobile\" style=\"height: 100px\"><\/div><div class=\"cz_gap show_on_tablet clr  show_only_tablet\" style=\"height: 50px\"><\/div><div class=\"cz_gap show_on_mobile clr\" style=\"height: 50px\"><\/div>[\/vc_column][vc_column width=&#8221;4\/12&#8243;]<div id=\"cz_12770\" data-position=\"top-right\" class=\"cz_12770 cz_image clr cz_image_zoom_out center_on_mobile\"><div class=\"\" ><div class=\"cz_image_in\"><div class=\"cz_main_image\"><img decoding=\"async\" width=\"833\" height=\"500\" src=\"https:\/\/kobayashi-casting.com\/wp-content\/uploads\/2020\/05\/tao-mau-sap.jpg\" class=\"attachment-full\" alt=\"Tao mau sap\" srcset=\"https:\/\/kobayashi-casting.com\/wp-content\/uploads\/2020\/05\/tao-mau-sap.jpg 833w, https:\/\/kobayashi-casting.com\/wp-content\/uploads\/2020\/05\/tao-mau-sap-300x180.jpg 300w, https:\/\/kobayashi-casting.com\/wp-content\/uploads\/2020\/05\/tao-mau-sap-768x461.jpg 768w, https:\/\/kobayashi-casting.com\/wp-content\/uploads\/2020\/05\/tao-mau-sap-600x360.jpg 600w\" sizes=\"auto, (max-width: 833px) 100vw, 833px\" loading=\"lazy\" \/><\/div><div class=\"cz_hover_image\"><img decoding=\"async\" width=\"833\" height=\"500\" src=\"https:\/\/kobayashi-casting.com\/wp-content\/uploads\/2020\/05\/tao-mau-sap.jpg\" class=\"attachment-full\" alt=\"Tao mau sap\" srcset=\"https:\/\/kobayashi-casting.com\/wp-content\/uploads\/2020\/05\/tao-mau-sap.jpg 833w, https:\/\/kobayashi-casting.com\/wp-content\/uploads\/2020\/05\/tao-mau-sap-300x180.jpg 300w, https:\/\/kobayashi-casting.com\/wp-content\/uploads\/2020\/05\/tao-mau-sap-768x461.jpg 768w, https:\/\/kobayashi-casting.com\/wp-content\/uploads\/2020\/05\/tao-mau-sap-600x360.jpg 600w\" sizes=\"auto, (max-width: 833px) 100vw, 833px\" loading=\"lazy\" \/><\/div><\/div><\/div><\/div><div id=\"cz_50489\" class=\"cz_50489 cz_title clr cz_title_pos_inline\"><div class=\"cz_title_content\"><span class=\"cz_line_side_solo\">_<\/span><div class=\"cz_wpe_content\"><h4 style=\"text-align: left;\"><span style=\"color: #ee0000;\">2. T\u1ea1o m\u1eabu s\u1ea3n ph\u1ea9m s\u00e1p<\/span><\/h4>\n<p style=\"text-align: left;\"><span style=\"color: #999999;\">D\u00f9ng m\u00e1y \u00e9p s\u00e1p v\u00e0o khu\u00f4n kim lo\u1ea1i \u0111\u1ec3 t\u1ea1o ra h\u00ecnh d\u1ea1ng s\u1ea3n ph\u1ea9m b\u1eb1ng S\u00e1p.<\/span><\/p>\n<\/div><\/div><\/div>[\/vc_column][vc_column width=&#8221;1\/12&#8243;][\/vc_column][\/vc_row][vc_row][vc_column]<div class=\"cz_gap clr \" style=\"height: 50px\"><\/div>[\/vc_column][\/vc_row][vc_row el_class=&#8221;process&#8221;][vc_column width=&#8221;1\/12&#8243;][\/vc_column][vc_column width=&#8221;4\/12&#8243;]<div id=\"cz_30462\" data-position=\"top-right\" class=\"cz_30462 cz_image clr cz_image_zoom_out center_on_mobile\"><div class=\"\" ><div class=\"cz_image_in\"><div class=\"cz_main_image\"><img decoding=\"async\" width=\"1001\" height=\"600\" src=\"https:\/\/kobayashi-casting.com\/wp-content\/uploads\/2020\/05\/tao-khuon-cat.jpg\" class=\"attachment-full\" alt=\"Tao khuon cat\" srcset=\"https:\/\/kobayashi-casting.com\/wp-content\/uploads\/2020\/05\/tao-khuon-cat.jpg 1001w, https:\/\/kobayashi-casting.com\/wp-content\/uploads\/2020\/05\/tao-khuon-cat-300x180.jpg 300w, https:\/\/kobayashi-casting.com\/wp-content\/uploads\/2020\/05\/tao-khuon-cat-768x460.jpg 768w, https:\/\/kobayashi-casting.com\/wp-content\/uploads\/2020\/05\/tao-khuon-cat-600x360.jpg 600w\" sizes=\"auto, (max-width: 1001px) 100vw, 1001px\" loading=\"lazy\" \/><\/div><div class=\"cz_hover_image\"><img decoding=\"async\" width=\"1001\" height=\"600\" src=\"https:\/\/kobayashi-casting.com\/wp-content\/uploads\/2020\/05\/tao-khuon-cat.jpg\" class=\"attachment-full\" alt=\"Tao khuon cat\" srcset=\"https:\/\/kobayashi-casting.com\/wp-content\/uploads\/2020\/05\/tao-khuon-cat.jpg 1001w, https:\/\/kobayashi-casting.com\/wp-content\/uploads\/2020\/05\/tao-khuon-cat-300x180.jpg 300w, https:\/\/kobayashi-casting.com\/wp-content\/uploads\/2020\/05\/tao-khuon-cat-768x460.jpg 768w, https:\/\/kobayashi-casting.com\/wp-content\/uploads\/2020\/05\/tao-khuon-cat-600x360.jpg 600w\" sizes=\"auto, (max-width: 1001px) 100vw, 1001px\" loading=\"lazy\" \/><\/div><\/div><\/div><\/div><div id=\"cz_41725\" class=\"cz_41725 cz_title clr cz_title_pos_inline\"><div class=\"cz_title_content\"><span class=\"cz_line_side_solo\">_<\/span><div class=\"cz_wpe_content\"><h4 style=\"text-align: left;\"><span style=\"color: #ee0000;\">3. T\u1ea1o khu\u00f4n c\u1eaft<\/span><\/h4>\n<p style=\"text-align: left;\"><span style=\"color: #999999;\">T\u1ea1o l\u1edbp v\u1ecf bao ph\u1ee7 s\u1ea3n ph\u1ea9m S\u00e1p b\u1eb1ng ch\u1ea5t li\u1ec7u h\u1ed5n h\u1ee3p Ceramic.<\/span><\/p>\n<\/div><\/div><\/div>[\/vc_column][vc_column width=&#8221;1\/12&#8243;]<div class=\"cz_gap clr  hide_on_tablet hide_on_mobile\" style=\"height: 100px\"><\/div><div class=\"cz_gap show_on_tablet clr  show_only_tablet\" style=\"height: 50px\"><\/div><div class=\"cz_gap show_on_mobile clr\" style=\"height: 50px\"><\/div><div id=\"cz_53230\" class=\"cz_53230 cz_social_icons cz_social clr cz_social_fx_4 tac cz_social_colored_hover\"><a href=\"#\" class=\"cz-137-play-button-2\" target=\"_blank\" rel=\"noopener noreferrer\" title=\"#\" role=\"button\" tabindex=\"0\" aria-label=\"#\"><i class=\"fa czico-137-play-button-2\"><\/i><\/a><\/div><div class=\"cz_gap clr  hide_on_tablet hide_on_mobile\" style=\"height: 100px\"><\/div><div class=\"cz_gap show_on_tablet clr  show_only_tablet\" style=\"height: 50px\"><\/div><div class=\"cz_gap show_on_mobile clr\" style=\"height: 50px\"><\/div>[\/vc_column][vc_column width=&#8221;4\/12&#8243;]<div id=\"cz_103455\" data-position=\"top-right\" class=\"cz_103455 cz_image clr cz_image_zoom_out center_on_mobile\"><div class=\"\" ><div class=\"cz_image_in\"><div class=\"cz_main_image\"><img decoding=\"async\" width=\"834\" height=\"500\" src=\"https:\/\/kobayashi-casting.com\/wp-content\/uploads\/2020\/05\/rut-sap.jpg\" class=\"attachment-full\" alt=\"Rut sap\" srcset=\"https:\/\/kobayashi-casting.com\/wp-content\/uploads\/2020\/05\/rut-sap.jpg 834w, https:\/\/kobayashi-casting.com\/wp-content\/uploads\/2020\/05\/rut-sap-300x180.jpg 300w, https:\/\/kobayashi-casting.com\/wp-content\/uploads\/2020\/05\/rut-sap-768x460.jpg 768w, https:\/\/kobayashi-casting.com\/wp-content\/uploads\/2020\/05\/rut-sap-600x360.jpg 600w\" sizes=\"auto, (max-width: 834px) 100vw, 834px\" loading=\"lazy\" \/><\/div><div class=\"cz_hover_image\"><img decoding=\"async\" width=\"834\" height=\"500\" src=\"https:\/\/kobayashi-casting.com\/wp-content\/uploads\/2020\/05\/rut-sap.jpg\" class=\"attachment-full\" alt=\"Rut sap\" srcset=\"https:\/\/kobayashi-casting.com\/wp-content\/uploads\/2020\/05\/rut-sap.jpg 834w, https:\/\/kobayashi-casting.com\/wp-content\/uploads\/2020\/05\/rut-sap-300x180.jpg 300w, https:\/\/kobayashi-casting.com\/wp-content\/uploads\/2020\/05\/rut-sap-768x460.jpg 768w, https:\/\/kobayashi-casting.com\/wp-content\/uploads\/2020\/05\/rut-sap-600x360.jpg 600w\" sizes=\"auto, (max-width: 834px) 100vw, 834px\" loading=\"lazy\" \/><\/div><\/div><\/div><\/div><div id=\"cz_18938\" class=\"cz_18938 cz_title clr cz_title_pos_inline\"><div class=\"cz_title_content\"><span class=\"cz_line_side_solo\">_<\/span><div class=\"cz_wpe_content\"><h4 style=\"text-align: left;\"><span style=\"color: #ee0000;\">4. R\u00fat s\u00e1p<\/span><\/h4>\n<p style=\"text-align: left;\"><span style=\"color: #999999;\">Nung khu\u00f4n s\u00e1p b\u1eb1ng l\u00f2 h\u01a1i nhi\u1ec7t \u0111\u1ec3 l\u00e0m tan ch\u1ea3y s\u00e1p trong khu\u00f4n c\u00e1t.<\/span><\/p>\n<\/div><\/div><\/div>[\/vc_column][vc_column width=&#8221;1\/12&#8243;][\/vc_column][\/vc_row][vc_row][vc_column]<div class=\"cz_gap clr \" style=\"height: 50px\"><\/div>[\/vc_column][\/vc_row][vc_row el_class=&#8221;process&#8221;][vc_column width=&#8221;1\/12&#8243;][\/vc_column][vc_column width=&#8221;4\/12&#8243;]<div id=\"cz_100329\" data-position=\"top-right\" class=\"cz_100329 cz_image clr cz_image_zoom_out center_on_mobile\"><div class=\"\" ><div class=\"cz_image_in\"><div class=\"cz_main_image\"><img decoding=\"async\" width=\"407\" height=\"245\" src=\"https:\/\/kobayashi-casting.com\/wp-content\/uploads\/2020\/05\/nung-khuon-2.jpg\" class=\"attachment-full\" alt=\"Nung khuon 2\" srcset=\"https:\/\/kobayashi-casting.com\/wp-content\/uploads\/2020\/05\/nung-khuon-2.jpg 407w, https:\/\/kobayashi-casting.com\/wp-content\/uploads\/2020\/05\/nung-khuon-2-300x181.jpg 300w\" sizes=\"auto, (max-width: 407px) 100vw, 407px\" loading=\"lazy\" \/><\/div><div class=\"cz_hover_image\"><img decoding=\"async\" width=\"407\" height=\"245\" src=\"https:\/\/kobayashi-casting.com\/wp-content\/uploads\/2020\/05\/nung-khuon-2.jpg\" class=\"attachment-full\" alt=\"Nung khuon 2\" srcset=\"https:\/\/kobayashi-casting.com\/wp-content\/uploads\/2020\/05\/nung-khuon-2.jpg 407w, https:\/\/kobayashi-casting.com\/wp-content\/uploads\/2020\/05\/nung-khuon-2-300x181.jpg 300w\" sizes=\"auto, (max-width: 407px) 100vw, 407px\" loading=\"lazy\" \/><\/div><\/div><\/div><\/div><div id=\"cz_51060\" class=\"cz_51060 cz_title clr cz_title_pos_inline\"><div class=\"cz_title_content\"><span class=\"cz_line_side_solo\">_<\/span><div class=\"cz_wpe_content\"><h4 style=\"text-align: left;\"><span style=\"color: #ee0000;\">5. Nung khu\u00f4n c\u1eaft<\/span><\/h4>\n<p style=\"text-align: left;\"><span style=\"color: #999999;\">Nung khu\u00f4n c\u00e1t \u1edf nhi\u1ec7t \u0111\u1ed9 cao, l\u00e0m cho S\u00e1p tan ch\u1ea3y ho\u00e0n to\u00e0n trong khu\u00f4n c\u00e1t.<\/span><\/p>\n<\/div><\/div><\/div>[\/vc_column][vc_column width=&#8221;1\/12&#8243;]<div class=\"cz_gap clr  hide_on_tablet hide_on_mobile\" style=\"height: 100px\"><\/div><div class=\"cz_gap show_on_tablet clr  show_only_tablet\" style=\"height: 50px\"><\/div><div class=\"cz_gap show_on_mobile clr\" style=\"height: 50px\"><\/div><div id=\"cz_53230\" class=\"cz_53230 cz_social_icons cz_social clr cz_social_fx_4 tac cz_social_colored_hover\"><a href=\"#\" class=\"cz-137-play-button-2\" target=\"_blank\" rel=\"noopener noreferrer\" title=\"#\" role=\"button\" tabindex=\"0\" aria-label=\"#\"><i class=\"fa czico-137-play-button-2\"><\/i><\/a><\/div><div class=\"cz_gap clr  hide_on_tablet hide_on_mobile\" style=\"height: 100px\"><\/div><div class=\"cz_gap show_on_tablet clr  show_only_tablet\" style=\"height: 50px\"><\/div><div class=\"cz_gap show_on_mobile clr\" style=\"height: 50px\"><\/div>[\/vc_column][vc_column width=&#8221;4\/12&#8243;]<div id=\"cz_67197\" data-position=\"top-right\" class=\"cz_67197 cz_image clr cz_image_zoom_out center_on_mobile\"><div class=\"\" ><div class=\"cz_image_in\"><div class=\"cz_main_image\"><img decoding=\"async\" width=\"833\" height=\"500\" src=\"https:\/\/kobayashi-casting.com\/wp-content\/uploads\/2020\/05\/nau-rot.jpg\" class=\"attachment-full\" alt=\"Nau rot\" srcset=\"https:\/\/kobayashi-casting.com\/wp-content\/uploads\/2020\/05\/nau-rot.jpg 833w, https:\/\/kobayashi-casting.com\/wp-content\/uploads\/2020\/05\/nau-rot-300x180.jpg 300w, https:\/\/kobayashi-casting.com\/wp-content\/uploads\/2020\/05\/nau-rot-768x461.jpg 768w, https:\/\/kobayashi-casting.com\/wp-content\/uploads\/2020\/05\/nau-rot-600x360.jpg 600w\" sizes=\"auto, (max-width: 833px) 100vw, 833px\" loading=\"lazy\" \/><\/div><div class=\"cz_hover_image\"><img decoding=\"async\" width=\"833\" height=\"500\" src=\"https:\/\/kobayashi-casting.com\/wp-content\/uploads\/2020\/05\/nau-rot.jpg\" class=\"attachment-full\" alt=\"Nau rot\" srcset=\"https:\/\/kobayashi-casting.com\/wp-content\/uploads\/2020\/05\/nau-rot.jpg 833w, https:\/\/kobayashi-casting.com\/wp-content\/uploads\/2020\/05\/nau-rot-300x180.jpg 300w, https:\/\/kobayashi-casting.com\/wp-content\/uploads\/2020\/05\/nau-rot-768x461.jpg 768w, https:\/\/kobayashi-casting.com\/wp-content\/uploads\/2020\/05\/nau-rot-600x360.jpg 600w\" sizes=\"auto, (max-width: 833px) 100vw, 833px\" loading=\"lazy\" \/><\/div><\/div><\/div><\/div><div id=\"cz_30929\" class=\"cz_30929 cz_title clr cz_title_pos_inline\"><div class=\"cz_title_content\"><span class=\"cz_line_side_solo\">_<\/span><div class=\"cz_wpe_content\"><h4 style=\"text-align: left;\"><span style=\"color: #ee0000;\">6. N\u1ea5u r\u00f3t kim lo\u1ea1i<\/span><\/h4>\n<p style=\"text-align: left;\"><span style=\"color: #999999;\">R\u00f3t kim lo\u1ea1i \u0111\u00e3 n\u1ea5u ch\u1ea3y v\u00e0o khu\u00f4n c\u00e1t \u0111\u00e3 nung n\u00f3ng.<\/span><\/p>\n<\/div><\/div><\/div>[\/vc_column][vc_column width=&#8221;1\/12&#8243;][\/vc_column][\/vc_row][vc_row][vc_column]<div class=\"cz_gap clr \" style=\"height: 50px\"><\/div>[\/vc_column][\/vc_row][vc_row el_class=&#8221;process&#8221;][vc_column width=&#8221;1\/12&#8243;][\/vc_column][vc_column width=&#8221;4\/12&#8243;]<div id=\"cz_52842\" data-position=\"top-right\" class=\"cz_52842 cz_image clr cz_image_zoom_out center_on_mobile\"><div class=\"\" ><div class=\"cz_image_in\"><div class=\"cz_main_image\"><img decoding=\"async\" width=\"1083\" height=\"650\" src=\"https:\/\/kobayashi-casting.com\/wp-content\/uploads\/2020\/05\/hoan-thien.jpg\" class=\"attachment-full\" alt=\"Hoan thien\" srcset=\"https:\/\/kobayashi-casting.com\/wp-content\/uploads\/2020\/05\/hoan-thien.jpg 1083w, https:\/\/kobayashi-casting.com\/wp-content\/uploads\/2020\/05\/hoan-thien-300x180.jpg 300w, https:\/\/kobayashi-casting.com\/wp-content\/uploads\/2020\/05\/hoan-thien-1024x615.jpg 1024w, https:\/\/kobayashi-casting.com\/wp-content\/uploads\/2020\/05\/hoan-thien-768x461.jpg 768w, https:\/\/kobayashi-casting.com\/wp-content\/uploads\/2020\/05\/hoan-thien-600x360.jpg 600w\" sizes=\"auto, (max-width: 1083px) 100vw, 1083px\" loading=\"lazy\" \/><\/div><div class=\"cz_hover_image\"><img decoding=\"async\" width=\"1083\" height=\"650\" src=\"https:\/\/kobayashi-casting.com\/wp-content\/uploads\/2020\/05\/hoan-thien.jpg\" class=\"attachment-full\" alt=\"Hoan thien\" srcset=\"https:\/\/kobayashi-casting.com\/wp-content\/uploads\/2020\/05\/hoan-thien.jpg 1083w, https:\/\/kobayashi-casting.com\/wp-content\/uploads\/2020\/05\/hoan-thien-300x180.jpg 300w, https:\/\/kobayashi-casting.com\/wp-content\/uploads\/2020\/05\/hoan-thien-1024x615.jpg 1024w, https:\/\/kobayashi-casting.com\/wp-content\/uploads\/2020\/05\/hoan-thien-768x461.jpg 768w, https:\/\/kobayashi-casting.com\/wp-content\/uploads\/2020\/05\/hoan-thien-600x360.jpg 600w\" sizes=\"auto, (max-width: 1083px) 100vw, 1083px\" loading=\"lazy\" \/><\/div><\/div><\/div><\/div><div id=\"cz_105409\" class=\"cz_105409 cz_title clr cz_title_pos_inline\"><div class=\"cz_title_content\"><span class=\"cz_line_side_solo\">_<\/span><div class=\"cz_wpe_content\"><h4 style=\"text-align: left;\"><span style=\"color: #ee0000;\">7. C\u00f4ng \u0111o\u1ea1n ho\u00e0n thi\u1ec7n s\u1ea3n ph\u1ea9m<\/span><\/h4>\n<p style=\"text-align: left;\"><span style=\"color: #999999;\">Th\u1ef1c hi\u1ec7n ph\u00e1 b\u1ecf l\u1edbp v\u1ecf khu\u00f4n, c\u1eaft, m\u00e0i ch\u00e2n r\u00f3t, x\u1eed l\u00fd nhi\u1ec7t , t\u1ea9y r\u1eeda l\u00e0m s\u1ea1ch b\u1ec1 m\u1eb7t s\u1ea3n ph\u1ea9m.<\/span><\/p>\n<\/div><\/div><\/div>[\/vc_column][vc_column width=&#8221;1\/12&#8243;]<div class=\"cz_gap clr  hide_on_tablet hide_on_mobile\" style=\"height: 100px\"><\/div><div class=\"cz_gap show_on_tablet clr  show_only_tablet\" style=\"height: 50px\"><\/div><div class=\"cz_gap show_on_mobile clr\" style=\"height: 50px\"><\/div><div id=\"cz_53230\" class=\"cz_53230 cz_social_icons cz_social clr cz_social_fx_4 tac cz_social_colored_hover\"><a href=\"#\" class=\"cz-137-play-button-2\" target=\"_blank\" rel=\"noopener noreferrer\" title=\"#\" role=\"button\" tabindex=\"0\" aria-label=\"#\"><i class=\"fa czico-137-play-button-2\"><\/i><\/a><\/div><div class=\"cz_gap clr  hide_on_tablet hide_on_mobile\" style=\"height: 100px\"><\/div><div class=\"cz_gap show_on_tablet clr  show_only_tablet\" style=\"height: 50px\"><\/div><div class=\"cz_gap show_on_mobile clr\" style=\"height: 50px\"><\/div>[\/vc_column][vc_column width=&#8221;4\/12&#8243;]<div id=\"cz_102644\" data-position=\"top-right\" class=\"cz_102644 cz_image clr cz_image_zoom_out center_on_mobile\"><div class=\"\" ><div class=\"cz_image_in\"><div class=\"cz_main_image\"><img decoding=\"async\" width=\"1250\" height=\"750\" src=\"https:\/\/kobayashi-casting.com\/wp-content\/uploads\/2020\/05\/kiem-tra.jpg\" class=\"attachment-full\" alt=\"Kiem tra\" srcset=\"https:\/\/kobayashi-casting.com\/wp-content\/uploads\/2020\/05\/kiem-tra.jpg 1250w, https:\/\/kobayashi-casting.com\/wp-content\/uploads\/2020\/05\/kiem-tra-300x180.jpg 300w, https:\/\/kobayashi-casting.com\/wp-content\/uploads\/2020\/05\/kiem-tra-1024x614.jpg 1024w, https:\/\/kobayashi-casting.com\/wp-content\/uploads\/2020\/05\/kiem-tra-768x461.jpg 768w, https:\/\/kobayashi-casting.com\/wp-content\/uploads\/2020\/05\/kiem-tra-600x360.jpg 600w\" sizes=\"auto, (max-width: 1250px) 100vw, 1250px\" loading=\"lazy\" \/><\/div><div class=\"cz_hover_image\"><img decoding=\"async\" width=\"1250\" height=\"750\" src=\"https:\/\/kobayashi-casting.com\/wp-content\/uploads\/2020\/05\/kiem-tra.jpg\" class=\"attachment-full\" alt=\"Kiem tra\" srcset=\"https:\/\/kobayashi-casting.com\/wp-content\/uploads\/2020\/05\/kiem-tra.jpg 1250w, https:\/\/kobayashi-casting.com\/wp-content\/uploads\/2020\/05\/kiem-tra-300x180.jpg 300w, https:\/\/kobayashi-casting.com\/wp-content\/uploads\/2020\/05\/kiem-tra-1024x614.jpg 1024w, https:\/\/kobayashi-casting.com\/wp-content\/uploads\/2020\/05\/kiem-tra-768x461.jpg 768w, https:\/\/kobayashi-casting.com\/wp-content\/uploads\/2020\/05\/kiem-tra-600x360.jpg 600w\" sizes=\"auto, (max-width: 1250px) 100vw, 1250px\" loading=\"lazy\" \/><\/div><\/div><\/div><\/div><div id=\"cz_48385\" class=\"cz_48385 cz_title clr cz_title_pos_inline\"><div class=\"cz_title_content\"><span class=\"cz_line_side_solo\">_<\/span><div class=\"cz_wpe_content\"><h4 style=\"text-align: left;\"><span style=\"color: #ee0000;\">8. C\u00f4ng \u0111o\u1ea1n ki\u1ec3m tra s\u1ea3n ph\u1ea9m<\/span><\/h4>\n<p style=\"text-align: left;\"><span style=\"color: #999999;\">Th\u1ef1c hi\u1ec7n ki\u1ec3m tra th\u00e0nh ph\u1ea7n kim lo\u1ea1i, c\u01a1 l\u00fd t\u00ednh, k\u00edch th\u01b0\u1edbc s\u1ea3n ph\u1ea9m.<\/span><\/p>\n<\/div><\/div><\/div>[\/vc_column][vc_column width=&#8221;1\/12&#8243;][\/vc_column][\/vc_row][vc_row][vc_column]<div class=\"cz_gap clr \" style=\"height: 50px\"><\/div>[\/vc_column][\/vc_row]<\/p>\n","protected":false},"excerpt":{"rendered":"<p>[vc_row][vc_column][\/vc_column][\/vc_row][vc_row el_class=&#8221;process&#8221;][vc_column width=&#8221;1\/12&#8243;][\/vc_column][vc_column width=&#8221;4\/12&#8243;][\/vc_column][vc_column width=&#8221;1\/12&#8243;][\/vc_column][vc_column width=&#8221;4\/12&#8243;][\/vc_column][vc_column width=&#8221;1\/12&#8243;][\/vc_column][\/vc_row][vc_row][vc_column][\/vc_column][\/vc_row][vc_row el_class=&#8221;process&#8221;][vc_column width=&#8221;1\/12&#8243;][\/vc_column][vc_column width=&#8221;4\/12&#8243;][\/vc_column][vc_column width=&#8221;1\/12&#8243;][\/vc_column][vc_column width=&#8221;4\/12&#8243;][\/vc_column][vc_column width=&#8221;1\/12&#8243;][\/vc_column][\/vc_row][vc_row][vc_column][\/vc_column][\/vc_row][vc_row el_class=&#8221;process&#8221;][vc_column width=&#8221;1\/12&#8243;][\/vc_column][vc_column width=&#8221;4\/12&#8243;][\/vc_column][vc_column width=&#8221;1\/12&#8243;][\/vc_column][vc_column width=&#8221;4\/12&#8243;][\/vc_column][vc_column width=&#8221;1\/12&#8243;][\/vc_column][\/vc_row][vc_row][vc_column][\/vc_column][\/vc_row][vc_row el_class=&#8221;process&#8221;][vc_column &#8230; <\/p>\n","protected":false},"author":1,"featured_media":0,"parent":0,"menu_order":0,"comment_status":"closed","ping_status":"closed","template":"","meta":{"footnotes":""},"yst_prominent_words":[],"class_list":["post-2938","page","type-page","status-publish","hentry"],"_links":{"self":[{"href":"https:\/\/kobayashi-casting.com\/en\/wp-json\/wp\/v2\/pages\/2938","targetHints":{"allow":["GET"]}}],"collection":[{"href":"https:\/\/kobayashi-casting.com\/en\/wp-json\/wp\/v2\/pages"}],"about":[{"href":"https:\/\/kobayashi-casting.com\/en\/wp-json\/wp\/v2\/types\/page"}],"author":[{"embeddable":true,"href":"https:\/\/kobayashi-casting.com\/en\/wp-json\/wp\/v2\/users\/1"}],"replies":[{"embeddable":true,"href":"https:\/\/kobayashi-casting.com\/en\/wp-json\/wp\/v2\/comments?post=2938"}],"version-history":[{"count":2,"href":"https:\/\/kobayashi-casting.com\/en\/wp-json\/wp\/v2\/pages\/2938\/revisions"}],"predecessor-version":[{"id":2941,"href":"https:\/\/kobayashi-casting.com\/en\/wp-json\/wp\/v2\/pages\/2938\/revisions\/2941"}],"wp:attachment":[{"href":"https:\/\/kobayashi-casting.com\/en\/wp-json\/wp\/v2\/media?parent=2938"}],"wp:term":[{"taxonomy":"yst_prominent_words","embeddable":true,"href":"https:\/\/kobayashi-casting.com\/en\/wp-json\/wp\/v2\/yst_prominent_words?post=2938"}],"curies":[{"name":"wp","href":"https:\/\/api.w.org\/{rel}","templated":true}]}}